{"id":296,"date":"2025-02-24T18:53:00","date_gmt":"2025-02-24T17:53:00","guid":{"rendered":"https:\/\/globalhunting.pl\/?page_id=296"},"modified":"2025-02-24T19:37:30","modified_gmt":"2025-02-24T18:37:30","slug":"about","status":"publish","type":"page","link":"https:\/\/globalhunting.pl\/fr\/about\/","title":{"rendered":"A PROPOS"},"content":{"rendered":"<div class=\"wp-block-group has-global-padding is-layout-constrained wp-block-group-is-layout-constrained\">\n<h2 class=\"wp-block-heading has-text-align-center has-medium-font-size\" style=\"letter-spacing:1px\">A PROPOS DE GLOBAL HUNTING AGENCY<\/h2>\n\n\n\n<p class=\"has-text-align-center\">Chez Global Hunting Agency, nous sommes sp\u00e9cialis\u00e9s dans l'organisation de s\u00e9jours de chasse exclusifs en Pologne et \u00e0 travers le monde. Nous offrons des chasses guid\u00e9es par des experts, adapt\u00e9es \u00e0 vos besoins. Rejoignez-nous pour une exp\u00e9rience de chasse de classe mondiale et cr\u00e9ez des souvenirs qui dureront toute une vie. Votre prochaine aventure commence ici !<\/p>\n<\/div>\n\n\n\n<hr class=\"wp-block-separator has-alpha-channel-opacity\"\/>\n\n\n\n<div class=\"wp-block-group has-global-padding is-layout-constrained wp-block-group-is-layout-constrained\">\n<div class=\"wp-block-group is-layout-flow wp-block-group-is-layout-flow\">\n<div class=\"wp-block-columns is-layout-flex wp-container-core-columns-is-layout-28f84493 wp-block-columns-is-layout-flex\">\n<div class=\"wp-block-column is-layout-flow wp-block-column-is-layout-flow\">\n<p><\/p>\n\n\n\n<p><\/p>\n\n\n\n<h2 class=\"wp-block-heading has-text-align-left has-large-font-size\">GLOBAL HUNTING AGENCY<\/h2>\n\n\n\n<p>Biuro Polowa\u0144 Global Hunting AGENCY Tomasz Pilarz, Maciej Pyp\u0142acz s.c.<\/p>\n\n\n\n<p>SW. Barbary 50 &#8211; 98-300 Wielun POLAND<\/p>\n<\/div>\n\n\n\n<div class=\"wp-block-column is-layout-flow wp-block-column-is-layout-flow\">\n<figure class=\"wp-block-image aligncenter size-full is-resized\"><img fetchpriority=\"high\" decoding=\"async\" width=\"1000\" height=\"1000\" src=\"https:\/\/globalhunting.pl\/wp-content\/uploads\/2025\/02\/Design-sans-titre.png\" alt=\"\" class=\"wp-image-297\" style=\"width:368px;height:auto\" srcset=\"https:\/\/globalhunting.pl\/wp-content\/uploads\/2025\/02\/Design-sans-titre.png 1000w, https:\/\/globalhunting.pl\/wp-content\/uploads\/2025\/02\/Design-sans-titre-300x300.png 300w, https:\/\/globalhunting.pl\/wp-content\/uploads\/2025\/02\/Design-sans-titre-150x150.png 150w, https:\/\/globalhunting.pl\/wp-content\/uploads\/2025\/02\/Design-sans-titre-12x12.png 12w\" sizes=\"(max-width: 1000px) 100vw, 1000px\" \/><\/figure>\n<\/div>\n<\/div>\n<\/div>\n<\/div>\n\n\n\n<div style=\"height:50px\" aria-hidden=\"true\" class=\"wp-block-spacer\"><\/div>\n\n\n\n<div class=\"wp-block-cover alignfull has-parallax is-position-center-center\" style=\"border-radius:0px\"><span aria-hidden=\"true\" class=\"wp-block-cover__background has-black-background-color has-background-dim-40 has-background-dim\"><\/span><div class=\"wp-block-cover__image-background wp-image-84 has-parallax\" style=\"background-position:50% 50%;background-image:url(https:\/\/globalhunting.pl\/wp-content\/uploads\/2025\/01\/Driven-hunt-1.png)\"><\/div><div class=\"wp-block-cover__inner-container is-layout-flow wp-block-cover-is-layout-flow\">\n<div class=\"wp-block-group has-global-padding is-layout-constrained wp-block-group-is-layout-constrained\">\n<h3 class=\"wp-block-heading has-text-align-center has-text-color has-medium-font-size\" style=\"color:#fffffa;text-transform:uppercase\">PLANIFIONS VOTRE PROCHAINE AVENTURE<\/h3>\n\n\n\n<p class=\"has-text-align-center has-white-color has-text-color\">Vous avez des questions ou \u00eates pr\u00eat \u00e0 planifier votre prochaine aventure ? Notre \u00e9quipe Global Hunting Agency est l\u00e0 pour vous aider.<\/p>\n\n\n\n<div style=\"height:31px\" aria-hidden=\"true\" class=\"wp-block-spacer\"><\/div>\n\n\n\n<div class=\"wp-block-buttons is-horizontal is-content-justification-center is-layout-flex wp-container-core-buttons-is-layout-03627597 wp-block-buttons-is-layout-flex\">\n<div class=\"wp-block-button is-style-outline is-style-outline--1\"><a class=\"wp-block-button__link has-white-color has-text-color wp-element-button\" href=\"https:\/\/globalhunting.pl\/fr\/contact\/\" style=\"border-radius:0px\">CONTACTEZ-NOUS<\/a><\/div>\n<\/div>\n<\/div>\n<\/div><\/div>","protected":false},"excerpt":{"rendered":"<p>ABOUT GLOBAL HUNTING AGENCY At Global Hunting Agency, we specialize in offering exclusive hunting adventures in Poland and across the globe. We provide expertly guided hunts tailored to your needs. Join us for a world-class hunting experience and create memories that will last a lifetime. Your next adventure starts here ! GLOBAL HUNTING AGENCY Biuro &hellip; <\/p>\n<p class=\"link-more\"><a href=\"https:\/\/globalhunting.pl\/fr\/about\/\" class=\"more-link\">Lire la suite de<span class=\"screen-reader-text\">\u00ab\u00a0ABOUT US\u00a0\u00bb<\/span><\/a><\/p>","protected":false},"author":1,"featured_media":82,"parent":0,"menu_order":0,"comment_status":"closed","ping_status":"closed","template":"elementor_theme","meta":{"ngg_post_thumbnail":0,"footnotes":""},"class_list":["post-296","page","type-page","status-publish","has-post-thumbnail","hentry"],"_links":{"self":[{"href":"https:\/\/globalhunting.pl\/fr\/wp-json\/wp\/v2\/pages\/296","targetHints":{"allow":["GET"]}}],"collection":[{"href":"https:\/\/globalhunting.pl\/fr\/wp-json\/wp\/v2\/pages"}],"about":[{"href":"https:\/\/globalhunting.pl\/fr\/wp-json\/wp\/v2\/types\/page"}],"author":[{"embeddable":true,"href":"https:\/\/globalhunting.pl\/fr\/wp-json\/wp\/v2\/users\/1"}],"replies":[{"embeddable":true,"href":"https:\/\/globalhunting.pl\/fr\/wp-json\/wp\/v2\/comments?post=296"}],"version-history":[{"count":10,"href":"https:\/\/globalhunting.pl\/fr\/wp-json\/wp\/v2\/pages\/296\/revisions"}],"predecessor-version":[{"id":326,"href":"https:\/\/globalhunting.pl\/fr\/wp-json\/wp\/v2\/pages\/296\/revisions\/326"}],"wp:featuredmedia":[{"embeddable":true,"href":"https:\/\/globalhunting.pl\/fr\/wp-json\/wp\/v2\/media\/82"}],"wp:attachment":[{"href":"https:\/\/globalhunting.pl\/fr\/wp-json\/wp\/v2\/media?parent=296"}],"curies":[{"name":"wp","href":"https:\/\/api.w.org\/{rel}","templated":true}]}}