{"id":327,"date":"2025-02-24T19:39:51","date_gmt":"2025-02-24T18:39:51","guid":{"rendered":"https:\/\/globalhunting.pl\/?page_id=327"},"modified":"2025-03-18T20:25:23","modified_gmt":"2025-03-18T19:25:23","slug":"gallery","status":"publish","type":"page","link":"https:\/\/globalhunting.pl\/fr\/gallery\/","title":{"rendered":"GALLERIE"},"content":{"rendered":"<div class=\"wp-block-group has-global-padding is-layout-constrained wp-block-group-is-layout-constrained\">\n<p class=\"has-text-align-center\">Explorez une collection de moments inoubliables captur\u00e9s lors de nos exp\u00e9ditions de chasse. Ces images mettent en valeur des souvenirs partag\u00e9es avec nos clients.<\/p>\n<\/div>\n\n\n\n<h3 class=\"wp-block-heading\">BATTUES - POLOGNE<\/h3>\n\n\n\nngg_shortcode_0_placeholder\n\n\n\n<h3 class=\"wp-block-heading\">CERFS - POLOGNE<\/h3>\n\n\n\nngg_shortcode_1_placeholder\n\n\n\n<h3 class=\"wp-block-heading\">BROCARDS - POLOGNE<\/h3>\n\n\n\nngg_shortcode_2_placeholder\n\n\n\n<h3 class=\"wp-block-heading\">DAIMS - POLOGNE<\/h3>\n\n\n\nngg_shortcode_3_placeholder\n\n\n\n<h3 class=\"wp-block-heading\">SANGLIERS - POLOGNE<\/h3>\n\n\n\nngg_shortcode_4_placeholder\n\n\n\n<div class=\"wp-block-cover alignfull has-parallax is-position-center-center\" style=\"border-radius:0px\"><span aria-hidden=\"true\" class=\"wp-block-cover__background has-black-background-color has-background-dim-40 has-background-dim\"><\/span><div class=\"wp-block-cover__image-background wp-image-242 has-parallax\" style=\"background-position:50% 50%;background-image:url(https:\/\/globalhunting.pl\/wp-content\/uploads\/2025\/02\/ROEDEER_Bandeau_Titre_GHA.png)\"><\/div><div class=\"wp-block-cover__inner-container is-layout-flow wp-block-cover-is-layout-flow\">\n<div class=\"wp-block-group has-global-padding is-layout-constrained wp-block-group-is-layout-constrained\">\n<h3 class=\"wp-block-heading has-text-align-center has-text-color has-medium-font-size\" style=\"color:#fffffa;text-transform:uppercase\">Vous avez des questions ou \u00eates pr\u00eat \u00e0 planifier votre prochaine aventure ? Notre \u00e9quipe Global Hunting Agency est l\u00e0 pour vous aider.<\/h3>\n\n\n\n<div style=\"height:31px\" aria-hidden=\"true\" class=\"wp-block-spacer\"><\/div>\n\n\n\n<div class=\"wp-block-buttons is-horizontal is-content-justification-center is-layout-flex wp-container-core-buttons-is-layout-03627597 wp-block-buttons-is-layout-flex\">\n<div class=\"wp-block-button is-style-outline is-style-outline--1\"><a class=\"wp-block-button__link has-white-color has-text-color wp-element-button\" href=\"#\" style=\"border-radius:0px\">CONTACTEZ-NOUS<\/a><\/div>\n<\/div>\n<\/div>\n<\/div><\/div>","protected":false},"excerpt":{"rendered":"<p>Explore a collection of unforgettable moments captured during our hunting expeditions. These images highlight the unforgettable experiences shared with our clients. Drivent Hunts &#8211; Poland Red Stags &#8211; Poland Roe Bucks &#8211; Poland Fallow Bucks &#8211; Poland Wild boars &#8211; Poland<\/p>","protected":false},"author":1,"featured_media":58,"parent":0,"menu_order":0,"comment_status":"closed","ping_status":"closed","template":"elementor_theme","meta":{"ngg_post_thumbnail":0,"footnotes":""},"class_list":["post-327","page","type-page","status-publish","has-post-thumbnail","hentry"],"_links":{"self":[{"href":"https:\/\/globalhunting.pl\/fr\/wp-json\/wp\/v2\/pages\/327","targetHints":{"allow":["GET"]}}],"collection":[{"href":"https:\/\/globalhunting.pl\/fr\/wp-json\/wp\/v2\/pages"}],"about":[{"href":"https:\/\/globalhunting.pl\/fr\/wp-json\/wp\/v2\/types\/page"}],"author":[{"embeddable":true,"href":"https:\/\/globalhunting.pl\/fr\/wp-json\/wp\/v2\/users\/1"}],"replies":[{"embeddable":true,"href":"https:\/\/globalhunting.pl\/fr\/wp-json\/wp\/v2\/comments?post=327"}],"version-history":[{"count":18,"href":"https:\/\/globalhunting.pl\/fr\/wp-json\/wp\/v2\/pages\/327\/revisions"}],"predecessor-version":[{"id":563,"href":"https:\/\/globalhunting.pl\/fr\/wp-json\/wp\/v2\/pages\/327\/revisions\/563"}],"wp:featuredmedia":[{"embeddable":true,"href":"https:\/\/globalhunting.pl\/fr\/wp-json\/wp\/v2\/media\/58"}],"wp:attachment":[{"href":"https:\/\/globalhunting.pl\/fr\/wp-json\/wp\/v2\/media?parent=327"}],"curies":[{"name":"wp","href":"https:\/\/api.w.org\/{rel}","templated":true}]}}