{"id":566,"date":"2025-03-18T20:58:31","date_gmt":"2025-03-18T19:58:31","guid":{"rendered":"https:\/\/globalhunting.pl\/?page_id=566"},"modified":"2025-03-26T00:01:31","modified_gmt":"2025-03-25T23:01:31","slug":"poland-wild-boar","status":"publish","type":"page","link":"https:\/\/globalhunting.pl\/fr\/our-hunts\/poland-wild-boar\/","title":{"rendered":""},"content":{"rendered":"<div class=\"wp-block-group has-global-padding is-layout-constrained wp-block-group-is-layout-constrained\">\n<h2 class=\"wp-block-heading has-text-align-center has-medium-font-size\" style=\"letter-spacing:1px\">CHASSE AU SANGLIER EN POLOGNE<\/h2>\n\n\n\n<p class=\"has-text-align-center\">Embarquez pour une excitante chasse au sanglier en Pologne, o\u00f9 la tradition rencontre l'aventure. Nous proposons des forfaits exclusifs con\u00e7us pour les chasseurs \u00e0 la recherche d'une exp\u00e9rience inoubliable dans l'une des premi\u00e8res destinations de chasse d'Europe. Que vous soyez un chasseur exp\u00e9riment\u00e9 ou un d\u00e9butant, nos territoires de chasse g\u00e9r\u00e9s avec expertise garantissent une aventure unique et gratifiante.<br><\/p>\n<\/div>\n\n\n\n<hr class=\"wp-block-separator has-alpha-channel-opacity\"\/>\n\n\n\n<div class=\"wp-block-group alignfull has-global-padding is-layout-constrained wp-block-group-is-layout-constrained\">\n<div class=\"wp-block-group has-global-padding is-layout-constrained wp-block-group-is-layout-constrained\" style=\"padding-top:var(--wp--preset--spacing--x-small);padding-bottom:var(--wp--preset--spacing--x-small)\">\n<div class=\"wp-block-columns is-layout-flex wp-container-core-columns-is-layout-c375d253 wp-block-columns-is-layout-flex\">\n<div class=\"wp-block-column is-vertically-aligned-center is-layout-flow wp-block-column-is-layout-flow\">\n<h2 class=\"wp-block-heading has-medium-font-size\" style=\"text-transform:uppercase\">A PROPOS DE LA CHASSE<\/h2>\n\n\n\n<p>La chasse au sanglier de nuit est une exp\u00e9rience excitante et stimulante. Lorsque le cr\u00e9puscule tombe, les chasseurs s'aventurent dans la nature sous le couvert de l'obscurit\u00e9, traquant les sangliers. Sous la direction de notre \u00e9quipe d'experts, vous utiliserez des techniques avanc\u00e9es telles que l'optique thermique et nocturne.<\/p>\n\n\n\n<div class=\"wp-block-buttons is-horizontal is-content-justification-left is-layout-flex wp-container-core-buttons-is-layout-20be11b6 wp-block-buttons-is-layout-flex\">\n<div class=\"wp-block-button is-style-outline is-style-outline--1\"><a class=\"wp-block-button__link wp-element-button\" href=\"#\" style=\"border-radius:0px\">VOIR L'OFFRE<\/a><\/div>\n<\/div>\n\n\n\n<p><\/p>\n<\/div>\n\n\n\n<div class=\"wp-block-column is-layout-flow wp-block-column-is-layout-flow\">\n<figure class=\"wp-block-gallery has-nested-images columns-default is-cropped wp-block-gallery-2 is-layout-flex wp-block-gallery-is-layout-flex\">\n<figure class=\"wp-block-image size-full\"><img fetchpriority=\"high\" decoding=\"async\" width=\"1428\" height=\"846\" data-id=\"585\" src=\"https:\/\/globalhunting.pl\/wp-content\/uploads\/2025\/03\/Wildboarpoland2.png\" alt=\"\" class=\"wp-image-585\" srcset=\"https:\/\/globalhunting.pl\/wp-content\/uploads\/2025\/03\/Wildboarpoland2.png 1428w, https:\/\/globalhunting.pl\/wp-content\/uploads\/2025\/03\/Wildboarpoland2-300x178.png 300w, https:\/\/globalhunting.pl\/wp-content\/uploads\/2025\/03\/Wildboarpoland2-1024x607.png 1024w, https:\/\/globalhunting.pl\/wp-content\/uploads\/2025\/03\/Wildboarpoland2-18x12.png 18w\" sizes=\"(max-width: 1428px) 100vw, 1428px\" \/><\/figure>\n<\/figure>\n<\/div>\n<\/div>\n<\/div>\n<\/div>\n\n\n\n<hr class=\"wp-block-separator has-alpha-channel-opacity\"\/>\n\n\n\n<div class=\"wp-block-group alignfull has-global-padding is-layout-constrained wp-block-group-is-layout-constrained\">\n<div class=\"wp-block-group has-global-padding is-layout-constrained wp-block-group-is-layout-constrained\" style=\"padding-top:var(--wp--preset--spacing--x-small);padding-bottom:var(--wp--preset--spacing--x-small)\">\n<div class=\"wp-block-columns are-vertically-aligned-center is-layout-flex wp-container-core-columns-is-layout-c375d253 wp-block-columns-is-layout-flex\">\n<div class=\"wp-block-column is-vertically-aligned-center is-layout-flow wp-block-column-is-layout-flow\">\n<h2 class=\"wp-block-heading has-medium-font-size\" style=\"text-transform:uppercase\">O\u00d9 CHASSONS-NOUS ?<\/h2>\n\n\n\n<p>Nos chasses au sanglier ont lieu \u00e0 travers la Pologne, dans des r\u00e9gions r\u00e9put\u00e9es pour leurs populations abondantes de sangliers. Depuis des for\u00eats denses et des collines vallonn\u00e9es aux vastes champs, chaque emplacement est soigneusement s\u00e9lectionn\u00e9 en fonction de sa population de sangliers, garantissant une exp\u00e9rience de chasse riche et excitante. Nous offrons des territoires de chasse de premier choix, facilement accessibles et bien entendu excluons les zones touch\u00e9es par la peste porcine africaine.<\/p>\n\n\n\n<div class=\"wp-block-buttons is-horizontal is-content-justification-left is-layout-flex wp-container-core-buttons-is-layout-20be11b6 wp-block-buttons-is-layout-flex\">\n<div class=\"wp-block-button is-style-outline is-style-outline--3\"><a class=\"wp-block-button__link wp-element-button\" href=\"#\" style=\"border-radius:0px\">VOIR L'OFFRE<\/a><\/div>\n<\/div>\n\n\n\n<p><\/p>\n<\/div>\n\n\n\n<div class=\"wp-block-column is-vertically-aligned-center is-layout-flow wp-block-column-is-layout-flow\">\n<figure class=\"wp-block-image size-full\"><img decoding=\"async\" width=\"1428\" height=\"846\" src=\"https:\/\/globalhunting.pl\/wp-content\/uploads\/2025\/03\/Wildboarpoland3.png\" alt=\"\" class=\"wp-image-586\" srcset=\"https:\/\/globalhunting.pl\/wp-content\/uploads\/2025\/03\/Wildboarpoland3.png 1428w, https:\/\/globalhunting.pl\/wp-content\/uploads\/2025\/03\/Wildboarpoland3-300x178.png 300w, https:\/\/globalhunting.pl\/wp-content\/uploads\/2025\/03\/Wildboarpoland3-1024x607.png 1024w, https:\/\/globalhunting.pl\/wp-content\/uploads\/2025\/03\/Wildboarpoland3-18x12.png 18w\" sizes=\"(max-width: 1428px) 100vw, 1428px\" \/><\/figure>\n<\/div>\n<\/div>\n<\/div>\n<\/div>\n\n\n\n<hr class=\"wp-block-separator has-alpha-channel-opacity\"\/>\n\n\n\n<div class=\"wp-block-group alignfull has-global-padding is-layout-constrained wp-block-group-is-layout-constrained\">\n<div class=\"wp-block-group has-global-padding is-layout-constrained wp-block-group-is-layout-constrained\" style=\"padding-top:var(--wp--preset--spacing--x-small);padding-bottom:var(--wp--preset--spacing--x-small)\">\n<div class=\"wp-block-columns is-layout-flex wp-container-core-columns-is-layout-c375d253 wp-block-columns-is-layout-flex\">\n<div class=\"wp-block-column is-vertically-aligned-center is-layout-flow wp-block-column-is-layout-flow\">\n<h2 class=\"wp-block-heading has-medium-font-size\" style=\"text-transform:uppercase\">D\u00c9COUVREZ NOS OFFRES POUR 2025<\/h2>\n\n\n\n<p>Pour 2025, nous proposons des forfaits de chasse au sanglier sur mesure, adapt\u00e9s aux pr\u00e9f\u00e9rences de chaque chasseur. Nos offres exclusives incluent une gamme d'options pour diff\u00e9rents niveaux d'exp\u00e9rience, des chasses en solo intimes aux aventures de groupe. Profitez de nos guides experts, de nos emplacements de choix et de l'inoubliable nature polonaise, garantissant une exp\u00e9rience de chasse unique en son genre.<\/p>\n\n\n\n<div class=\"wp-block-buttons is-horizontal is-content-justification-left is-layout-flex wp-container-core-buttons-is-layout-20be11b6 wp-block-buttons-is-layout-flex\">\n<div class=\"wp-block-button is-style-outline is-style-outline--4\"><a class=\"wp-block-button__link wp-element-button\" href=\"#\" style=\"border-radius:0px\">VOIR L'OFFRE<\/a><\/div>\n<\/div>\n\n\n\n<p><\/p>\n<\/div>\n\n\n\n<div class=\"wp-block-column is-layout-flow wp-block-column-is-layout-flow\">\n<figure class=\"wp-block-image size-full\"><img decoding=\"async\" width=\"1428\" height=\"846\" src=\"https:\/\/globalhunting.pl\/wp-content\/uploads\/2025\/03\/Wildboarpoland1-1.png\" alt=\"\" class=\"wp-image-587\" srcset=\"https:\/\/globalhunting.pl\/wp-content\/uploads\/2025\/03\/Wildboarpoland1-1.png 1428w, https:\/\/globalhunting.pl\/wp-content\/uploads\/2025\/03\/Wildboarpoland1-1-300x178.png 300w, https:\/\/globalhunting.pl\/wp-content\/uploads\/2025\/03\/Wildboarpoland1-1-1024x607.png 1024w, https:\/\/globalhunting.pl\/wp-content\/uploads\/2025\/03\/Wildboarpoland1-1-18x12.png 18w\" sizes=\"(max-width: 1428px) 100vw, 1428px\" \/><\/figure>\n<\/div>\n<\/div>\n<\/div>\n\n\n\n<h3 class=\"wp-block-heading\">GALLERIE<\/h3>\n<\/div>\n\n\n\nngg_shortcode_0_placeholder\n\n\n\n<div class=\"wp-block-cover alignfull has-parallax is-position-center-center\" style=\"border-radius:0px\"><span aria-hidden=\"true\" class=\"wp-block-cover__background has-black-background-color has-background-dim-40 has-background-dim\"><\/span><div class=\"wp-block-cover__image-background wp-image-581 has-parallax\" style=\"background-position:50% 50%;background-image:url(https:\/\/globalhunting.pl\/wp-content\/uploads\/2025\/03\/wild-boar-cover.png)\"><\/div><div class=\"wp-block-cover__inner-container is-layout-flow wp-block-cover-is-layout-flow\">\n<div class=\"wp-block-group has-global-padding is-layout-constrained wp-block-group-is-layout-constrained\">\n<h3 class=\"wp-block-heading has-text-align-center has-text-color has-medium-font-size\" style=\"color:#fffffa;text-transform:uppercase\">PLANIFIONS VOTRE PROCHAINE AVENTURE<\/h3>\n\n\n\n<p class=\"has-text-align-center has-white-color has-text-color\">Vous avez des questions ou \u00eates pr\u00eat \u00e0 planifier votre prochaine aventure ? Notre \u00e9quipe Global Hunting Agency est l\u00e0 pour vous aider.<\/p>\n\n\n\n<div style=\"height:31px\" aria-hidden=\"true\" class=\"wp-block-spacer\"><\/div>\n\n\n\n<div class=\"wp-block-buttons is-horizontal is-content-justification-center is-layout-flex wp-container-core-buttons-is-layout-03627597 wp-block-buttons-is-layout-flex\">\n<div class=\"wp-block-button is-style-outline is-style-outline--5\"><a class=\"wp-block-button__link has-white-color has-text-color wp-element-button\" href=\"#\" style=\"border-radius:0px\">CONTACTEZ-NOUS<\/a><\/div>\n<\/div>\n<\/div>\n<\/div><\/div>\n\n\n\n<p><\/p>","protected":false},"excerpt":{"rendered":"<p>WILD BOAR IN POLAND Embark on a thrilling individual wild boar hunt in Poland, where tradition meets adventure. We offer exclusive packages designed for hunters seeking an unforgettable experience in one of Europe\u2019s premier hunting destinations. Whether you\u2019re an experienced hunter or a newcomer, our expertly managed hunting grounds ensure a unique and rewarding adventure. &hellip; <\/p>\n<p class=\"link-more\"><a href=\"https:\/\/globalhunting.pl\/fr\/our-hunts\/poland-wild-boar\/\" class=\"more-link\">Lire la suite de<span class=\"screen-reader-text\">\u00ab\u00a0\u00a0\u00bb<\/span><\/a><\/p>","protected":false},"author":1,"featured_media":581,"parent":175,"menu_order":0,"comment_status":"closed","ping_status":"closed","template":"elementor_theme","meta":{"ngg_post_thumbnail":0,"footnotes":""},"class_list":["post-566","page","type-page","status-publish","has-post-thumbnail","hentry"],"_links":{"self":[{"href":"https:\/\/globalhunting.pl\/fr\/wp-json\/wp\/v2\/pages\/566","targetHints":{"allow":["GET"]}}],"collection":[{"href":"https:\/\/globalhunting.pl\/fr\/wp-json\/wp\/v2\/pages"}],"about":[{"href":"https:\/\/globalhunting.pl\/fr\/wp-json\/wp\/v2\/types\/page"}],"author":[{"embeddable":true,"href":"https:\/\/globalhunting.pl\/fr\/wp-json\/wp\/v2\/users\/1"}],"replies":[{"embeddable":true,"href":"https:\/\/globalhunting.pl\/fr\/wp-json\/wp\/v2\/comments?post=566"}],"version-history":[{"count":4,"href":"https:\/\/globalhunting.pl\/fr\/wp-json\/wp\/v2\/pages\/566\/revisions"}],"predecessor-version":[{"id":590,"href":"https:\/\/globalhunting.pl\/fr\/wp-json\/wp\/v2\/pages\/566\/revisions\/590"}],"up":[{"embeddable":true,"href":"https:\/\/globalhunting.pl\/fr\/wp-json\/wp\/v2\/pages\/175"}],"wp:featuredmedia":[{"embeddable":true,"href":"https:\/\/globalhunting.pl\/fr\/wp-json\/wp\/v2\/media\/581"}],"wp:attachment":[{"href":"https:\/\/globalhunting.pl\/fr\/wp-json\/wp\/v2\/media?parent=566"}],"curies":[{"name":"wp","href":"https:\/\/api.w.org\/{rel}","templated":true}]}}