{"id":568,"date":"2025-03-18T21:18:48","date_gmt":"2025-03-18T20:18:48","guid":{"rendered":"https:\/\/globalhunting.pl\/?page_id=568"},"modified":"2025-03-18T21:39:48","modified_gmt":"2025-03-18T20:39:48","slug":"poland-non-trophy","status":"publish","type":"page","link":"https:\/\/globalhunting.pl\/fr\/our-hunts\/poland-non-trophy\/","title":{"rendered":""},"content":{"rendered":"<div class=\"wp-block-group has-global-padding is-layout-constrained wp-block-group-is-layout-constrained\">\n<h2 class=\"wp-block-heading has-text-align-center has-medium-font-size\" style=\"letter-spacing:1px\">CHASSE AUX FEMELLES ET PR\u00c9DATEURS EN POLOGNE<\/h2>\n\n\n\n<p class=\"has-text-align-center\">Rejoignez-nous pour des forfaits de chasse exclusifs aux animaux \"sans troph\u00e9e\", pour les chevrettes et jeunes, les biches et faons, les daines et jeunes, ainsi que les pr\u00e9dateurs. Ces chasses sont id\u00e9ales pour ceux qui recherchent une aventure excitante dans la nature diversifi\u00e9e de la Pologne, ax\u00e9e sur le contr\u00f4le des populations plut\u00f4t que sur les troph\u00e9es, tout en offrant une exp\u00e9rience inoubliable.<\/p>\n<\/div>\n\n\n\n<hr class=\"wp-block-separator has-alpha-channel-opacity\"\/>\n\n\n\n<div class=\"wp-block-group alignfull has-global-padding is-layout-constrained wp-block-group-is-layout-constrained\">\n<div class=\"wp-block-group has-global-padding is-layout-constrained wp-block-group-is-layout-constrained\" style=\"padding-top:var(--wp--preset--spacing--x-small);padding-bottom:var(--wp--preset--spacing--x-small)\">\n<div class=\"wp-block-columns is-layout-flex wp-container-core-columns-is-layout-c375d253 wp-block-columns-is-layout-flex\">\n<div class=\"wp-block-column is-vertically-aligned-center is-layout-flow wp-block-column-is-layout-flow\">\n<h2 class=\"wp-block-heading has-medium-font-size\" style=\"text-transform:uppercase\">A PROPOS DE LA CHASSE<\/h2>\n\n\n\n<p>Nos chasses sans troph\u00e9e se concentrent sur les femelles et les jeunes cervid\u00e9s, ainsi que sur les pr\u00e9dateurs. Ces chasses ont g\u00e9n\u00e9ralement lieu \u00e0 l'aube, au cr\u00e9puscule ou durant la nuit, avec des guides exp\u00e9riment\u00e9s vous aidant \u00e0 traquer ces animaux \u00e0 travers les paysages magnifiques de la Pologne. Que ce soit dans des for\u00eats denses ou des champs ouverts, notre \u00e9quipe veille \u00e0 une poursuite s\u00fbre, \u00e9thique et palpitante de ces animaux.<\/p>\n\n\n\n<div class=\"wp-block-buttons is-horizontal is-content-justification-left is-layout-flex wp-container-core-buttons-is-layout-20be11b6 wp-block-buttons-is-layout-flex\">\n<div class=\"wp-block-button is-style-outline is-style-outline--1\"><a class=\"wp-block-button__link wp-element-button\" href=\"#\" style=\"border-radius:0px\">VOIR L'OFFRE<\/a><\/div>\n<\/div>\n\n\n\n<p><\/p>\n<\/div>\n\n\n\n<div class=\"wp-block-column is-layout-flow wp-block-column-is-layout-flow\">\n<figure class=\"wp-block-gallery has-nested-images columns-default is-cropped wp-block-gallery-2 is-layout-flex wp-block-gallery-is-layout-flex\">\n<figure class=\"wp-block-image size-full\"><img fetchpriority=\"high\" decoding=\"async\" width=\"1428\" height=\"846\" data-id=\"593\" src=\"https:\/\/globalhunting.pl\/wp-content\/uploads\/2025\/03\/Nontrophy3.png\" alt=\"\" class=\"wp-image-593\" srcset=\"https:\/\/globalhunting.pl\/wp-content\/uploads\/2025\/03\/Nontrophy3.png 1428w, https:\/\/globalhunting.pl\/wp-content\/uploads\/2025\/03\/Nontrophy3-300x178.png 300w, https:\/\/globalhunting.pl\/wp-content\/uploads\/2025\/03\/Nontrophy3-1024x607.png 1024w, https:\/\/globalhunting.pl\/wp-content\/uploads\/2025\/03\/Nontrophy3-18x12.png 18w\" sizes=\"(max-width: 1428px) 100vw, 1428px\" \/><\/figure>\n<\/figure>\n<\/div>\n<\/div>\n<\/div>\n<\/div>\n\n\n\n<hr class=\"wp-block-separator has-alpha-channel-opacity\"\/>\n\n\n\n<div class=\"wp-block-group alignfull has-global-padding is-layout-constrained wp-block-group-is-layout-constrained\">\n<div class=\"wp-block-group has-global-padding is-layout-constrained wp-block-group-is-layout-constrained\" style=\"padding-top:var(--wp--preset--spacing--x-small);padding-bottom:var(--wp--preset--spacing--x-small)\">\n<div class=\"wp-block-columns are-vertically-aligned-center is-layout-flex wp-container-core-columns-is-layout-c375d253 wp-block-columns-is-layout-flex\">\n<div class=\"wp-block-column is-vertically-aligned-center is-layout-flow wp-block-column-is-layout-flow\">\n<h2 class=\"wp-block-heading has-medium-font-size\" style=\"text-transform:uppercase\">O\u00d9 CHASSONS-NOUS ?<\/h2>\n\n\n\n<p>Nous proposons des chasses sans troph\u00e9e \u00e0 travers la Pologne, avec des territoires soigneusement s\u00e9lectionn\u00e9s, connus pour leur abondance de chevreuils, cerfs, daims et pr\u00e9dateurs. Des collines vallonn\u00e9es et des for\u00eats denses aux prairies expanses, nos paysages vari\u00e9s offrent le cadre id\u00e9al pour une chasse gratifiante. Nos emplacements sont facilement accessibles, que ce soit en voiture ou en avion.<\/p>\n\n\n\n<div class=\"wp-block-buttons is-horizontal is-content-justification-left is-layout-flex wp-container-core-buttons-is-layout-20be11b6 wp-block-buttons-is-layout-flex\">\n<div class=\"wp-block-button is-style-outline is-style-outline--3\"><a class=\"wp-block-button__link wp-element-button\" href=\"#\" style=\"border-radius:0px\">VOIR L'OFFRE<\/a><\/div>\n<\/div>\n\n\n\n<p><\/p>\n<\/div>\n\n\n\n<div class=\"wp-block-column is-vertically-aligned-center is-layout-flow wp-block-column-is-layout-flow\">\n<figure class=\"wp-block-image size-full\"><img decoding=\"async\" width=\"1428\" height=\"846\" src=\"https:\/\/globalhunting.pl\/wp-content\/uploads\/2025\/03\/Nontrophy1.png\" alt=\"\" class=\"wp-image-594\" srcset=\"https:\/\/globalhunting.pl\/wp-content\/uploads\/2025\/03\/Nontrophy1.png 1428w, https:\/\/globalhunting.pl\/wp-content\/uploads\/2025\/03\/Nontrophy1-300x178.png 300w, https:\/\/globalhunting.pl\/wp-content\/uploads\/2025\/03\/Nontrophy1-1024x607.png 1024w, https:\/\/globalhunting.pl\/wp-content\/uploads\/2025\/03\/Nontrophy1-18x12.png 18w\" sizes=\"(max-width: 1428px) 100vw, 1428px\" \/><\/figure>\n<\/div>\n<\/div>\n<\/div>\n<\/div>\n\n\n\n<hr class=\"wp-block-separator has-alpha-channel-opacity\"\/>\n\n\n\n<div class=\"wp-block-group alignfull has-global-padding is-layout-constrained wp-block-group-is-layout-constrained\">\n<div class=\"wp-block-group has-global-padding is-layout-constrained wp-block-group-is-layout-constrained\" style=\"padding-top:var(--wp--preset--spacing--x-small);padding-bottom:var(--wp--preset--spacing--x-small)\">\n<div class=\"wp-block-columns is-layout-flex wp-container-core-columns-is-layout-c375d253 wp-block-columns-is-layout-flex\">\n<div class=\"wp-block-column is-vertically-aligned-center is-layout-flow wp-block-column-is-layout-flow\">\n<h2 class=\"wp-block-heading has-medium-font-size\" style=\"text-transform:uppercase\">D\u00c9COUVREZ NOS OFFRES POUR 2025<\/h2>\n\n\n\n<p>Pour 2025, nous proposons des forfaits de chasse \"sans troph\u00e9e\" sur mesure pour ceux qui souhaitent d\u00e9couvrir la faune riche de la Pologne tout en mettant l'accent sur le maintien de populations saines. Nos guides experts, nos emplacements de chasse de premier choix et nos esp\u00e8ces vari\u00e9es garantissent une aventure de chasse excitante et \u00e9thique pour chaque chasseur.<\/p>\n\n\n\n<div class=\"wp-block-buttons is-horizontal is-content-justification-left is-layout-flex wp-container-core-buttons-is-layout-20be11b6 wp-block-buttons-is-layout-flex\">\n<div class=\"wp-block-button is-style-outline is-style-outline--4\"><a class=\"wp-block-button__link wp-element-button\" href=\"#\" style=\"border-radius:0px\">VOIR L'OFFRE<\/a><\/div>\n<\/div>\n\n\n\n<p><\/p>\n<\/div>\n\n\n\n<div class=\"wp-block-column is-layout-flow wp-block-column-is-layout-flow\">\n<figure class=\"wp-block-image size-full\"><img decoding=\"async\" width=\"1428\" height=\"846\" src=\"https:\/\/globalhunting.pl\/wp-content\/uploads\/2025\/03\/Nontrophy2.png\" alt=\"\" class=\"wp-image-595\" srcset=\"https:\/\/globalhunting.pl\/wp-content\/uploads\/2025\/03\/Nontrophy2.png 1428w, https:\/\/globalhunting.pl\/wp-content\/uploads\/2025\/03\/Nontrophy2-300x178.png 300w, https:\/\/globalhunting.pl\/wp-content\/uploads\/2025\/03\/Nontrophy2-1024x607.png 1024w, https:\/\/globalhunting.pl\/wp-content\/uploads\/2025\/03\/Nontrophy2-18x12.png 18w\" sizes=\"(max-width: 1428px) 100vw, 1428px\" \/><\/figure>\n<\/div>\n<\/div>\n<\/div>\n<\/div>\n\n\n\n<div class=\"wp-block-cover alignfull has-parallax is-position-center-center\" style=\"border-radius:0px\"><span aria-hidden=\"true\" class=\"wp-block-cover__background has-black-background-color has-background-dim-40 has-background-dim\"><\/span><div class=\"wp-block-cover__image-background wp-image-596 has-parallax\" style=\"background-position:50% 50%;background-image:url(https:\/\/globalhunting.pl\/wp-content\/uploads\/2025\/03\/non-trophy.png)\"><\/div><div class=\"wp-block-cover__inner-container is-layout-flow wp-block-cover-is-layout-flow\">\n<div class=\"wp-block-group has-global-padding is-layout-constrained wp-block-group-is-layout-constrained\">\n<h3 class=\"wp-block-heading has-text-align-center has-text-color has-medium-font-size\" style=\"color:#fffffa;text-transform:uppercase\">PLANIFIONS VOTRE PROCHAINE AVENTURE<\/h3>\n\n\n\n<p class=\"has-text-align-center has-white-color has-text-color\">Vous avez des questions ou \u00eates pr\u00eat \u00e0 planifier votre prochaine aventure ? Notre \u00e9quipe Global Hunting Agency est l\u00e0 pour vous aider.<\/p>\n\n\n\n<div style=\"height:31px\" aria-hidden=\"true\" class=\"wp-block-spacer\"><\/div>\n\n\n\n<div class=\"wp-block-buttons is-horizontal is-content-justification-center is-layout-flex wp-container-core-buttons-is-layout-03627597 wp-block-buttons-is-layout-flex\">\n<div class=\"wp-block-button is-style-outline is-style-outline--5\"><a class=\"wp-block-button__link has-white-color has-text-color wp-element-button\" href=\"#\" style=\"border-radius:0px\">CONTACTEZ-NOUS<\/a><\/div>\n<\/div>\n<\/div>\n<\/div><\/div>\n\n\n\n<p><\/p>","protected":false},"excerpt":{"rendered":"<p>NON-TROPHY HUNTING IN POLAND Join us on a exclusive non-trophy hunting packages for roe deer females and young, female and calf red deer, female and young fallow deer, and predators. These hunts are perfect for those seeking an exciting adventure in Poland\u2019s diverse wilderness, focusing on population control rather than trophies, while still offering an &hellip; <\/p>\n<p class=\"link-more\"><a href=\"https:\/\/globalhunting.pl\/fr\/our-hunts\/poland-non-trophy\/\" class=\"more-link\">Lire la suite de<span class=\"screen-reader-text\">\u00ab\u00a0\u00a0\u00bb<\/span><\/a><\/p>","protected":false},"author":1,"featured_media":596,"parent":175,"menu_order":0,"comment_status":"closed","ping_status":"closed","template":"elementor_theme","meta":{"ngg_post_thumbnail":0,"footnotes":""},"class_list":["post-568","page","type-page","status-publish","has-post-thumbnail","hentry"],"_links":{"self":[{"href":"https:\/\/globalhunting.pl\/fr\/wp-json\/wp\/v2\/pages\/568","targetHints":{"allow":["GET"]}}],"collection":[{"href":"https:\/\/globalhunting.pl\/fr\/wp-json\/wp\/v2\/pages"}],"about":[{"href":"https:\/\/globalhunting.pl\/fr\/wp-json\/wp\/v2\/types\/page"}],"author":[{"embeddable":true,"href":"https:\/\/globalhunting.pl\/fr\/wp-json\/wp\/v2\/users\/1"}],"replies":[{"embeddable":true,"href":"https:\/\/globalhunting.pl\/fr\/wp-json\/wp\/v2\/comments?post=568"}],"version-history":[{"count":6,"href":"https:\/\/globalhunting.pl\/fr\/wp-json\/wp\/v2\/pages\/568\/revisions"}],"predecessor-version":[{"id":599,"href":"https:\/\/globalhunting.pl\/fr\/wp-json\/wp\/v2\/pages\/568\/revisions\/599"}],"up":[{"embeddable":true,"href":"https:\/\/globalhunting.pl\/fr\/wp-json\/wp\/v2\/pages\/175"}],"wp:featuredmedia":[{"embeddable":true,"href":"https:\/\/globalhunting.pl\/fr\/wp-json\/wp\/v2\/media\/596"}],"wp:attachment":[{"href":"https:\/\/globalhunting.pl\/fr\/wp-json\/wp\/v2\/media?parent=568"}],"curies":[{"name":"wp","href":"https:\/\/api.w.org\/{rel}","templated":true}]}}